{"id":4,"date":"2023-02-16T19:19:05","date_gmt":"2023-02-16T22:19:05","guid":{"rendered":"https:\/\/marcozero.org\/faltaaguasobraveneno\/?page_id=4"},"modified":"2023-02-27T19:44:47","modified_gmt":"2023-02-27T22:44:47","slug":"pagina-inicial","status":"publish","type":"page","link":"https:\/\/marcozero.org\/faltaaguasobraveneno\/","title":{"rendered":"P\u00e1gina Inicial"},"content":{"rendered":"<p>[et_pb_section fb_built=&#8221;1&#8243; fullwidth=&#8221;on&#8221; _builder_version=&#8221;4.20.0&#8243; _module_preset=&#8221;default&#8221; background_color=&#8221;#000000&#8243; background_video_mp4=&#8221;https:\/\/marcozero.org\/faltaaguasobraveneno\/wp-content\/uploads\/2023\/02\/bg-espelho-dagua2.mp4&#8243; background_video_width=&#8221;1920&#8243; background_video_height=&#8221;1080&#8243; min_height=&#8221;100vh&#8221; bottom_divider_height=&#8221;60px&#8221; bottom_divider_flip=&#8221;horizontal&#8221; custom_css_main_element=&#8221;min-height: 100vh;&#8221; global_colors_info=&#8221;{}&#8221;][et_pb_fullwidth_header text_orientation=&#8221;center&#8221; header_fullscreen=&#8221;on&#8221; header_scroll_down=&#8221;on&#8221; logo_image_url=&#8221;https:\/\/marcozero.org\/faltaaguasobraveneno\/wp-content\/uploads\/2023\/02\/marca-com-assinatura.svg&#8221; _builder_version=&#8221;4.20.0&#8243; _module_preset=&#8221;default&#8221; background_color=&#8221;rgba(0,0,0,0.8)&#8221; background_enable_video_mp4=&#8221;off&#8221; background_video_width=&#8221;1920&#8243; background_video_height=&#8221;1080&#8243; custom_margin=&#8221;||29px||false|false&#8221; global_colors_info=&#8221;{}&#8221; custom_css_main_element_last_edited=&#8221;on|phone&#8221; custom_css_main_element_phone=&#8221;min-height: 100vh;&#8221;][\/et_pb_fullwidth_header][\/et_pb_section][et_pb_section fb_built=&#8221;1&#8243; _builder_version=&#8221;4.20.0&#8243; _module_preset=&#8221;default&#8221; background_color=&#8221;#000000&#8243; use_background_color_gradient=&#8221;on&#8221; background_color_gradient_stops=&#8221;rgba(0,0,0,0.8) 0%|rgba(0,0,0,0.8) 98%&#8221; background_color_gradient_overlays_image=&#8221;on&#8221; background_image=&#8221;https:\/\/marcozero.org\/faltaaguasobraveneno\/wp-content\/uploads\/2023\/02\/bg-cerca.jpg&#8221; parallax=&#8221;on&#8221; background_blend=&#8221;multiply&#8221; custom_padding=&#8221;200px||200px||true|false&#8221; top_divider_height=&#8221;40px&#8221; top_divider_arrangement=&#8221;above_content&#8221; bottom_divider_height=&#8221;40px&#8221; bottom_divider_flip=&#8221;vertical|horizontal&#8221; bottom_divider_arrangement=&#8221;above_content&#8221; global_colors_info=&#8221;{}&#8221;][et_pb_row _builder_version=&#8221;4.20.0&#8243; _module_preset=&#8221;default&#8221; custom_padding=&#8221;80px||100px||false|false&#8221; global_colors_info=&#8221;{}&#8221;][et_pb_column type=&#8221;4_4&#8243; _builder_version=&#8221;4.19.2&#8243; _module_preset=&#8221;default&#8221; global_colors_info=&#8221;{}&#8221;][et_pb_text _builder_version=&#8221;4.20.0&#8243; _module_preset=&#8221;default&#8221; text_font=&#8221;|600|on||||||&#8221; text_font_size=&#8221;22px&#8221; text_orientation=&#8221;center&#8221; background_layout=&#8221;dark&#8221; width=&#8221;70%&#8221; width_tablet=&#8221;70%&#8221; width_phone=&#8221;100%&#8221; width_last_edited=&#8221;on|phone&#8221; module_alignment=&#8221;center&#8221; global_colors_info=&#8221;{}&#8221;]<\/p>\n<p>O agroneg\u00f3cio chegou forte em Tabuleiro do Norte (CE), amea\u00e7ando a comunidade local com a falta d\u2019\u00e1gua, a derrubada de mata nativa de Caatinga e a utiliza\u00e7\u00e3o indiscriminada de agrot\u00f3xicos que afeta a sa\u00fade das pessoas e o modelo de produ\u00e7\u00e3o baseado na agricultura familiar<\/p>\n<p>[\/et_pb_text][et_pb_text _builder_version=&#8221;4.20.0&#8243; _module_preset=&#8221;default&#8221; text_orientation=&#8221;right&#8221; background_layout=&#8221;dark&#8221; width=&#8221;70%&#8221; width_tablet=&#8221;70%&#8221; width_phone=&#8221;100%&#8221; width_last_edited=&#8221;on|phone&#8221; module_alignment=&#8221;center&#8221; text_font_size_tablet=&#8221;&#8221; text_font_size_phone=&#8221;15px&#8221; text_font_size_last_edited=&#8221;on|phone&#8221; text_orientation_tablet=&#8221;right&#8221; text_orientation_phone=&#8221;center&#8221; text_orientation_last_edited=&#8221;on|phone&#8221; global_colors_info=&#8221;{}&#8221;]<\/p>\n<p>Por <strong>In\u00eas Campelo<\/strong> e <strong>S\u00e9rgio Miguel Buarque<\/strong><\/p>\n<p>[\/et_pb_text][\/et_pb_column][\/et_pb_row][\/et_pb_section][et_pb_section fb_built=&#8221;1&#8243; _builder_version=&#8221;4.20.0&#8243; _module_preset=&#8221;default&#8221; background_color=&#8221;#0f0f0f&#8221; background_image=&#8221;https:\/\/marcozero.org\/faltaaguasobraveneno\/wp-content\/uploads\/2023\/02\/bg-caixas2.jpg&#8221; parallax=&#8221;on&#8221; background_blend=&#8221;multiply&#8221; background_enable_mask_style=&#8221;on&#8221; background_mask_style=&#8221;corner-blob&#8221; background_mask_color=&#8221;rgba(0,0,0,0.8)&#8221; background_mask_transform=&#8221;rotate_90_degree|flip_horizontal&#8221; top_divider_color=&#8221;rgba(0,0,0,0.5)&#8221; top_divider_height=&#8221;40px&#8221; global_colors_info=&#8221;{}&#8221;][et_pb_row custom_padding_last_edited=&#8221;on|phone&#8221; _builder_version=&#8221;4.20.0&#8243; _module_preset=&#8221;default&#8221; custom_padding_tablet=&#8221;&#8221; custom_padding_phone=&#8221;||0px||false|false&#8221; global_colors_info=&#8221;{}&#8221;][et_pb_column type=&#8221;4_4&#8243; _builder_version=&#8221;4.20.0&#8243; _module_preset=&#8221;default&#8221; global_colors_info=&#8221;{}&#8221;][dgbm_blog_module post_type=&#8221;project&#8221; posts_number=&#8221;3&#8243; use_post_excerpt=&#8221;on&#8221; show_categories=&#8221;off&#8221; show_author=&#8221;off&#8221; show_date=&#8221;off&#8221; show_pagination=&#8221;off&#8221; layout=&#8221;full-width&#8221; layout_styles=&#8221;image-left-right&#8221; vertical_align=&#8221;content-middle&#8221; image_width=&#8221;65%&#8221; side_overlap_setting=&#8221;on&#8221; image_size=&#8221;default_image&#8221; image_scale_on_hover=&#8221;on&#8221; article_margin=&#8221;40px||||false|false&#8221; content_padding=&#8221;30px|30px|30px|30px|true|true&#8221; title_margin=&#8221;||12px||false|false&#8221; disabled_on=&#8221;on|on|off&#8221; _builder_version=&#8221;4.20.0&#8243; _module_preset=&#8221;default&#8221; title_font=&#8221;|800||on|||||&#8221; content_font_size=&#8221;16px&#8221; background_color=&#8221;#FFFFFF&#8221; border_radii_image=&#8221;on|5px|5px|5px|5px&#8221; border_radii_content=&#8221;on|5px|5px|5px|5px&#8221; global_colors_info=&#8221;{}&#8221;][\/dgbm_blog_module][dgbm_blog_module post_type=&#8221;project&#8221; posts_number=&#8221;3&#8243; use_post_excerpt=&#8221;on&#8221; show_categories=&#8221;off&#8221; show_author=&#8221;off&#8221; show_date=&#8221;off&#8221; show_pagination=&#8221;off&#8221; image_size=&#8221;default_image&#8221; image_scale_on_hover=&#8221;on&#8221; content_padding=&#8221;30px|30px|30px|30px|true|true&#8221; title_margin=&#8221;||12px||false|false&#8221; disabled_on=&#8221;off|off|on&#8221; _builder_version=&#8221;4.20.0&#8243; _module_preset=&#8221;default&#8221; title_font=&#8221;|800||on|||||&#8221; content_font_size=&#8221;16px&#8221; background_color=&#8221;#FFFFFF&#8221; border_radii_image=&#8221;off|5px|5px||&#8221; border_radii_content=&#8221;off|||5px|5px&#8221; global_colors_info=&#8221;{}&#8221;][\/dgbm_blog_module][\/et_pb_column][\/et_pb_row][\/et_pb_section][et_pb_section fb_built=&#8221;1&#8243; _builder_version=&#8221;4.20.0&#8243; _module_preset=&#8221;default&#8221; background_color=&#8221;gcid-8f7c2841-ce48-42f2-9ad2-db342f2b91c4&#8243; global_colors_info=&#8221;{%22gcid-8f7c2841-ce48-42f2-9ad2-db342f2b91c4%22:%91%22background_color%22%93}&#8221;][et_pb_row _builder_version=&#8221;4.20.0&#8243; _module_preset=&#8221;default&#8221; global_colors_info=&#8221;{}&#8221;][et_pb_column type=&#8221;4_4&#8243; _builder_version=&#8221;4.20.0&#8243; _module_preset=&#8221;default&#8221; global_colors_info=&#8221;{}&#8221;][et_pb_text _builder_version=&#8221;4.20.0&#8243; _module_preset=&#8221;default&#8221; background_layout=&#8221;dark&#8221; global_colors_info=&#8221;{}&#8221;]<\/p>\n<h3>EXPEDIENTE<\/h3>\n<p>Este site \u00e9 uma produ\u00e7\u00e3o da <a href=\"https:\/\/marcozero.org\/\" target=\"_blank\" rel=\"noopener\"><strong>Marco Zero Conte\u00fado<\/strong><\/a>, publicado em 27 de fevereiro de 2023.<\/p>\n<p><em>Edi\u00e7\u00e3o de texto e reportagens:<\/em> In\u00eas Campelo e S\u00e9rgio Miguel Buarque<br \/><em>Edi\u00e7\u00e3o e produ\u00e7\u00e3o de imagens:<\/em> In\u00eas Campelo<br \/><em>Identidade Visual e desenvolvimento de Website:<\/em> Jota Bosco<\/p>\n<p>[\/et_pb_text][\/et_pb_column][\/et_pb_row][\/et_pb_section][et_pb_section fb_built=&#8221;1&#8243; _builder_version=&#8221;4.20.0&#8243; _module_preset=&#8221;default&#8221; background_color=&#8221;gcid-8c7d8959-ee09-4da0-a3f4-10a31d0cbc15&#8243; global_colors_info=&#8221;{%22gcid-8c7d8959-ee09-4da0-a3f4-10a31d0cbc15%22:%91%22background_color%22%93}&#8221;][et_pb_row _builder_version=&#8221;4.20.0&#8243; _module_preset=&#8221;default&#8221; global_colors_info=&#8221;{}&#8221;][et_pb_column type=&#8221;4_4&#8243; _builder_version=&#8221;4.20.0&#8243; _module_preset=&#8221;default&#8221; global_colors_info=&#8221;{}&#8221;][et_pb_text _builder_version=&#8221;4.20.0&#8243; _module_preset=&#8221;default&#8221; global_colors_info=&#8221;{}&#8221;]<\/p>\n<p>A <a href=\"https:\/\/marcozero.org\/\" target=\"_blank\" rel=\"noopener\"><strong>Marco Zero Conte\u00fado<\/strong><\/a> \u00e9 uma organiza\u00e7\u00e3o da sociedade civil, sem fins lucrativos, que tem por objetivo qualificar o debate p\u00fablico promovendo o jornalismo investigativo e independente. Em um cen\u00e1rio de concentra\u00e7\u00e3o de m\u00eddia e perda de credibilidade dos meios de comunica\u00e7\u00e3o tradicionais, como vem ocorrendo no Brasil, a Marco Zero aposta na produ\u00e7\u00e3o de reportagens e conte\u00fados que exponham as rela\u00e7\u00f5es de poder, dando destaque a temas de interesse p\u00fablico invisibilizados pela m\u00eddia corporativa.<\/p>\n<p>Entre os principais eixos de atua\u00e7\u00e3o da Marco Zero est\u00e3o os direitos humanos, a democracia, quest\u00f5es de g\u00eanero e identit\u00e1rias al\u00e9m dos temas relacionados especificamente ao direito \u00e0 cidade, como a mobilidade urbana, e \u00e0 ocupa\u00e7\u00e3o econ\u00f4mica, social e cultural do territ\u00f3rio. Sempre tendo como ponto central as pessoas.<\/p>\n<p>[\/et_pb_text][\/et_pb_column][\/et_pb_row][et_pb_row column_structure=&#8221;1_4,1_4,1_2&#8243; _builder_version=&#8221;4.20.0&#8243; _module_preset=&#8221;default&#8221; global_colors_info=&#8221;{}&#8221;][et_pb_column type=&#8221;1_4&#8243; _builder_version=&#8221;4.20.0&#8243; _module_preset=&#8221;default&#8221; global_colors_info=&#8221;{}&#8221;][et_pb_text _builder_version=&#8221;4.20.0&#8243; _module_preset=&#8221;default&#8221; header_3_text_color=&#8221;gcid-8f7c2841-ce48-42f2-9ad2-db342f2b91c4&#8243; global_colors_info=&#8221;{%22gcid-8f7c2841-ce48-42f2-9ad2-db342f2b91c4%22:%91%22header_3_text_color%22%93}&#8221;]<\/p>\n<h3>CONSELHO DIRETOR<\/h3>\n<p>In\u00eas Campelo<em> \u2013 Presidenta<\/em><br \/>S\u00e9rgio Miguel Buarque<em> \u2013 Vice-Presidente<\/em><br \/>In\u00e1cio Fran\u00e7a<em> \u2013 Diretor Administrativo\/Financeiro<\/em><\/p>\n<p>[\/et_pb_text][\/et_pb_column][et_pb_column type=&#8221;1_4&#8243; _builder_version=&#8221;4.20.0&#8243; _module_preset=&#8221;default&#8221; global_colors_info=&#8221;{}&#8221;][et_pb_text _builder_version=&#8221;4.20.0&#8243; _module_preset=&#8221;default&#8221; header_3_text_color=&#8221;gcid-8f7c2841-ce48-42f2-9ad2-db342f2b91c4&#8243; global_colors_info=&#8221;{%22gcid-8f7c2841-ce48-42f2-9ad2-db342f2b91c4%22:%91%22header_3_text_color%22%93}&#8221;]<\/p>\n<h3>CONSELHO FISCAL<\/h3>\n<p>Carla Teixeira<br \/>Celina Trindade<br \/>Welington Medeiros<\/p>\n<p>[\/et_pb_text][\/et_pb_column][et_pb_column type=&#8221;1_2&#8243; _builder_version=&#8221;4.20.0&#8243; _module_preset=&#8221;default&#8221; global_colors_info=&#8221;{}&#8221;][et_pb_text _builder_version=&#8221;4.20.0&#8243; _module_preset=&#8221;default&#8221; header_3_text_color=&#8221;gcid-8f7c2841-ce48-42f2-9ad2-db342f2b91c4&#8243; header_5_text_color=&#8221;gcid-8f7c2841-ce48-42f2-9ad2-db342f2b91c4&#8243; global_colors_info=&#8221;{%22gcid-8f7c2841-ce48-42f2-9ad2-db342f2b91c4%22:%91%22header_3_text_color%22,%22header_5_text_color%22%93}&#8221;]<\/p>\n<h5>EQUIPE<\/h5>\n<p>Arnaldo Sete<em> \u2013 Rep\u00f3rter Fotogr\u00e1fico<\/em><br \/>\nBeatriz Veloso<em> \u2013 Tiktoker<\/em><br \/>\nGiovanna Carneiro<em> \u2013 Rep\u00f3rter<\/em><br \/>\nIn\u00e1cio Fran\u00e7a<em> \u2013 Diretor de Conte\u00fado<\/em><br \/>\nIn\u00eas Campelo<em> \u2013 Diretora de Desenvolvimento Institucional<\/em><br \/>\nIvson Santo<em> &#8211; Social Media<\/em><br \/>\nLa\u00e9rcio Portela<em> \u2013 Diretor de Rela\u00e7\u00f5es Institucionais<\/em><br \/>\nCarol Monteiro<em> \u2013 Diretora de Produtos<\/em><br \/>\nMaria Carolina Santos<em> \u2013 Rep\u00f3rter<\/em><br \/>\nPatr\u00edcia Gon\u00e7alves<em> \u2013 Administrativo<\/em><br \/>\nRa\u00edssa Ebrahim<em> \u2013 Rep\u00f3rter<\/em><br \/>\nS\u00e9rgio Miguel Buarque<em> \u2013 Diretor Executivo<\/em>[\/et_pb_text][\/et_pb_column][\/et_pb_row][et_pb_row _builder_version=&#8221;4.20.0&#8243; _module_preset=&#8221;default&#8221; custom_padding=&#8221;||0px|||&#8221; global_colors_info=&#8221;{}&#8221;][et_pb_column type=&#8221;4_4&#8243; _builder_version=&#8221;4.20.0&#8243; _module_preset=&#8221;default&#8221; global_colors_info=&#8221;{}&#8221;][et_pb_divider color=&#8221;gcid-8f7c2841-ce48-42f2-9ad2-db342f2b91c4&#8243; divider_position=&#8221;bottom&#8221; _builder_version=&#8221;4.20.0&#8243; _module_preset=&#8221;default&#8221; width=&#8221;60%&#8221; module_alignment=&#8221;center&#8221; global_colors_info=&#8221;{%22gcid-8f7c2841-ce48-42f2-9ad2-db342f2b91c4%22:%91%22color%22%93}&#8221;][\/et_pb_divider][\/et_pb_column][\/et_pb_row][\/et_pb_section]<\/p>\n","protected":false},"excerpt":{"rendered":"<p>O agroneg\u00f3cio chegou forte em Tabuleiro do Norte (CE), amea\u00e7ando a comunidade local com a falta d\u2019\u00e1gua, a derrubada de mata nativa de Caatinga e a utiliza\u00e7\u00e3o indiscriminada de agrot\u00f3xicos que afeta a sa\u00fade das pessoas e o modelo de produ\u00e7\u00e3o baseado na agricultura familiarPor In\u00eas Campelo e S\u00e9rgio Miguel Buarque<div class=\"et_pb_module dgbm_blog_module dgbm_blog_module_0\">\n\t\t\t\t\n\t\t\t\t\n\t\t\t\t\n\t\t\t\t\n\t\t\t\t\n\t\t\t\t\n\t\t\t\t<div class=\"et_pb_module_inner\">\n\t\t\t\t\t<div class=\"dg-blog-module\">\r\n\t\t\t\t\t\t\t<div class=\"dg-blog-inner-wrapper column-3 column-tablet-2 column-mobile-1 image-top\">\r\n\t\t\t\t\t\t\t\t<div class=\"et_pb_ajax_pagination_container\">\r\n\t\t\t\t\t\t\t\t\t \r\n\t\t\t\t\t\t\t\t<\/div>\r\n\t\t\t\t\t\t\t<\/div>\r\n                        <\/div>\n\t\t\t\t<\/div>\n\t\t\t<\/div><\/p>\n","protected":false},"author":1,"featured_media":289,"parent":0,"menu_order":0,"comment_status":"closed","ping_status":"closed","template":"","meta":{"_et_pb_use_builder":"on","_et_pb_old_content":"","_et_gb_content_width":"","inline_featured_image":false,"_mi_skip_tracking":false,"footnotes":""},"class_list":["post-4","page","type-page","status-publish","has-post-thumbnail","hentry"],"yoast_head":"<!-- This site is optimized with the Yoast SEO plugin v20.1 - https:\/\/yoast.com\/wordpress\/plugins\/seo\/ -->\n<title>P\u00e1gina Inicial - Falta \u00e1gua, sobra veneno<\/title>\n<meta name=\"description\" content=\"O agroneg\u00f3cio chegou forte em Tabuleiro do Norte (CE), amea\u00e7ando a comunidade local com a falta d\u2019\u00e1gua, a derrubada de mata nativa de Caatinga e a utiliza\u00e7\u00e3o indiscriminada de agrot\u00f3xicos que afeta a sa\u00fade das pessoas e o modelo de produ\u00e7\u00e3o baseado na agricultura familiar\" \/>\n<meta name=\"robots\" content=\"index, follow, max-snippet:-1, max-image-preview:large, max-video-preview:-1\" \/>\n<link rel=\"canonical\" href=\"https:\/\/marcozero.org\/faltaaguasobraveneno\/\" \/>\n<meta property=\"og:locale\" content=\"pt_BR\" \/>\n<meta property=\"og:type\" content=\"article\" \/>\n<meta property=\"og:title\" content=\"Falta \u00e1gua, sobra veneno\" \/>\n<meta property=\"og:description\" content=\"O agroneg\u00f3cio chegou forte em Tabuleiro do Norte (CE), amea\u00e7ando a comunidade local com a falta d\u2019\u00e1gua, a derrubada de mata nativa de Caatinga e a utiliza\u00e7\u00e3o indiscriminada de agrot\u00f3xicos que afeta a sa\u00fade das pessoas e o modelo de produ\u00e7\u00e3o baseado na agricultura familiar\" \/>\n<meta property=\"og:url\" content=\"https:\/\/marcozero.org\/faltaaguasobraveneno\/\" \/>\n<meta property=\"og:site_name\" content=\"Falta \u00e1gua, sobra veneno\" \/>\n<meta property=\"article:modified_time\" content=\"2023-02-27T22:44:47+00:00\" \/>\n<meta property=\"og:image\" content=\"https:\/\/marcozero.org\/faltaaguasobraveneno\/wp-content\/uploads\/2023\/02\/chamada-redes.png\" \/>\n\t<meta property=\"og:image:width\" content=\"2000\" \/>\n\t<meta property=\"og:image:height\" content=\"1600\" \/>\n\t<meta property=\"og:image:type\" content=\"image\/png\" \/>\n<meta name=\"twitter:card\" content=\"summary_large_image\" \/>\n<meta name=\"twitter:title\" content=\"Falta \u00e1gua, sobra veneno\" \/>\n<meta name=\"twitter:description\" content=\"O agroneg\u00f3cio chegou forte em Tabuleiro do Norte (CE), amea\u00e7ando a comunidade local com a falta d\u2019\u00e1gua, a derrubada de mata nativa de Caatinga e a utiliza\u00e7\u00e3o indiscriminada de agrot\u00f3xicos que afeta a sa\u00fade das pessoas e o modelo de produ\u00e7\u00e3o baseado na agricultura familiar\" \/>\n<meta name=\"twitter:image\" content=\"https:\/\/marcozero.org\/faltaaguasobraveneno\/wp-content\/uploads\/2023\/02\/chamada-redes.png\" \/>\n<meta name=\"twitter:label1\" content=\"Est. tempo de leitura\" \/>\n\t<meta name=\"twitter:data1\" content=\"3 minutos\" \/>\n<script type=\"application\/ld+json\" class=\"yoast-schema-graph\">{\"@context\":\"https:\/\/schema.org\",\"@graph\":[{\"@type\":\"WebPage\",\"@id\":\"https:\/\/marcozero.org\/faltaaguasobraveneno\/\",\"url\":\"https:\/\/marcozero.org\/faltaaguasobraveneno\/\",\"name\":\"P\u00e1gina Inicial - Falta \u00e1gua, sobra veneno\",\"isPartOf\":{\"@id\":\"https:\/\/marcozero.org\/faltaaguasobraveneno\/#website\"},\"datePublished\":\"2023-02-16T22:19:05+00:00\",\"dateModified\":\"2023-02-27T22:44:47+00:00\",\"description\":\"O agroneg\u00f3cio chegou forte em Tabuleiro do Norte (CE), amea\u00e7ando a comunidade local com a falta d\u2019\u00e1gua, a derrubada de mata nativa de Caatinga e a utiliza\u00e7\u00e3o indiscriminada de agrot\u00f3xicos que afeta a sa\u00fade das pessoas e o modelo de produ\u00e7\u00e3o baseado na agricultura familiar\",\"breadcrumb\":{\"@id\":\"https:\/\/marcozero.org\/faltaaguasobraveneno\/#breadcrumb\"},\"inLanguage\":\"pt-BR\",\"potentialAction\":[{\"@type\":\"ReadAction\",\"target\":[\"https:\/\/marcozero.org\/faltaaguasobraveneno\/\"]}]},{\"@type\":\"BreadcrumbList\",\"@id\":\"https:\/\/marcozero.org\/faltaaguasobraveneno\/#breadcrumb\",\"itemListElement\":[{\"@type\":\"ListItem\",\"position\":1,\"name\":\"In\u00edcio\",\"item\":\"https:\/\/marcozero.org\/faltaaguasobraveneno\/\"},{\"@type\":\"ListItem\",\"position\":2,\"name\":\"P\u00e1gina Inicial\"}]},{\"@type\":\"WebSite\",\"@id\":\"https:\/\/marcozero.org\/faltaaguasobraveneno\/#website\",\"url\":\"https:\/\/marcozero.org\/faltaaguasobraveneno\/\",\"name\":\"Falta \u00e1gua, sobra veneno\",\"description\":\"\",\"publisher\":{\"@id\":\"https:\/\/marcozero.org\/faltaaguasobraveneno\/#organization\"},\"potentialAction\":[{\"@type\":\"SearchAction\",\"target\":{\"@type\":\"EntryPoint\",\"urlTemplate\":\"https:\/\/marcozero.org\/faltaaguasobraveneno\/?s={search_term_string}\"},\"query-input\":\"required name=search_term_string\"}],\"inLanguage\":\"pt-BR\"},{\"@type\":\"Organization\",\"@id\":\"https:\/\/marcozero.org\/faltaaguasobraveneno\/#organization\",\"name\":\"Marco Zero Conte\u00fado\",\"url\":\"https:\/\/marcozero.org\/faltaaguasobraveneno\/\",\"logo\":{\"@type\":\"ImageObject\",\"inLanguage\":\"pt-BR\",\"@id\":\"https:\/\/marcozero.org\/faltaaguasobraveneno\/#\/schema\/logo\/image\/\",\"url\":\"https:\/\/marcozero.org\/faltaaguasobraveneno\/wp-content\/uploads\/2023\/02\/chamada-redes.png\",\"contentUrl\":\"https:\/\/marcozero.org\/faltaaguasobraveneno\/wp-content\/uploads\/2023\/02\/chamada-redes.png\",\"width\":2000,\"height\":1600,\"caption\":\"Marco Zero Conte\u00fado\"},\"image\":{\"@id\":\"https:\/\/marcozero.org\/faltaaguasobraveneno\/#\/schema\/logo\/image\/\"}}]}<\/script>\n<!-- \/ Yoast SEO plugin. -->","yoast_head_json":{"title":"P\u00e1gina Inicial - Falta \u00e1gua, sobra veneno","description":"O agroneg\u00f3cio chegou forte em Tabuleiro do Norte (CE), amea\u00e7ando a comunidade local com a falta d\u2019\u00e1gua, a derrubada de mata nativa de Caatinga e a utiliza\u00e7\u00e3o indiscriminada de agrot\u00f3xicos que afeta a sa\u00fade das pessoas e o modelo de produ\u00e7\u00e3o baseado na agricultura familiar","robots":{"index":"index","follow":"follow","max-snippet":"max-snippet:-1","max-image-preview":"max-image-preview:large","max-video-preview":"max-video-preview:-1"},"canonical":"https:\/\/marcozero.org\/faltaaguasobraveneno\/","og_locale":"pt_BR","og_type":"article","og_title":"Falta \u00e1gua, sobra veneno","og_description":"O agroneg\u00f3cio chegou forte em Tabuleiro do Norte (CE), amea\u00e7ando a comunidade local com a falta d\u2019\u00e1gua, a derrubada de mata nativa de Caatinga e a utiliza\u00e7\u00e3o indiscriminada de agrot\u00f3xicos que afeta a sa\u00fade das pessoas e o modelo de produ\u00e7\u00e3o baseado na agricultura familiar","og_url":"https:\/\/marcozero.org\/faltaaguasobraveneno\/","og_site_name":"Falta \u00e1gua, sobra veneno","article_modified_time":"2023-02-27T22:44:47+00:00","og_image":[{"width":2000,"height":1600,"url":"https:\/\/marcozero.org\/faltaaguasobraveneno\/wp-content\/uploads\/2023\/02\/chamada-redes.png","type":"image\/png"}],"twitter_card":"summary_large_image","twitter_title":"Falta \u00e1gua, sobra veneno","twitter_description":"O agroneg\u00f3cio chegou forte em Tabuleiro do Norte (CE), amea\u00e7ando a comunidade local com a falta d\u2019\u00e1gua, a derrubada de mata nativa de Caatinga e a utiliza\u00e7\u00e3o indiscriminada de agrot\u00f3xicos que afeta a sa\u00fade das pessoas e o modelo de produ\u00e7\u00e3o baseado na agricultura familiar","twitter_image":"https:\/\/marcozero.org\/faltaaguasobraveneno\/wp-content\/uploads\/2023\/02\/chamada-redes.png","twitter_misc":{"Est. tempo de leitura":"3 minutos"},"schema":{"@context":"https:\/\/schema.org","@graph":[{"@type":"WebPage","@id":"https:\/\/marcozero.org\/faltaaguasobraveneno\/","url":"https:\/\/marcozero.org\/faltaaguasobraveneno\/","name":"P\u00e1gina Inicial - Falta \u00e1gua, sobra veneno","isPartOf":{"@id":"https:\/\/marcozero.org\/faltaaguasobraveneno\/#website"},"datePublished":"2023-02-16T22:19:05+00:00","dateModified":"2023-02-27T22:44:47+00:00","description":"O agroneg\u00f3cio chegou forte em Tabuleiro do Norte (CE), amea\u00e7ando a comunidade local com a falta d\u2019\u00e1gua, a derrubada de mata nativa de Caatinga e a utiliza\u00e7\u00e3o indiscriminada de agrot\u00f3xicos que afeta a sa\u00fade das pessoas e o modelo de produ\u00e7\u00e3o baseado na agricultura familiar","breadcrumb":{"@id":"https:\/\/marcozero.org\/faltaaguasobraveneno\/#breadcrumb"},"inLanguage":"pt-BR","potentialAction":[{"@type":"ReadAction","target":["https:\/\/marcozero.org\/faltaaguasobraveneno\/"]}]},{"@type":"BreadcrumbList","@id":"https:\/\/marcozero.org\/faltaaguasobraveneno\/#breadcrumb","itemListElement":[{"@type":"ListItem","position":1,"name":"In\u00edcio","item":"https:\/\/marcozero.org\/faltaaguasobraveneno\/"},{"@type":"ListItem","position":2,"name":"P\u00e1gina Inicial"}]},{"@type":"WebSite","@id":"https:\/\/marcozero.org\/faltaaguasobraveneno\/#website","url":"https:\/\/marcozero.org\/faltaaguasobraveneno\/","name":"Falta \u00e1gua, sobra veneno","description":"","publisher":{"@id":"https:\/\/marcozero.org\/faltaaguasobraveneno\/#organization"},"potentialAction":[{"@type":"SearchAction","target":{"@type":"EntryPoint","urlTemplate":"https:\/\/marcozero.org\/faltaaguasobraveneno\/?s={search_term_string}"},"query-input":"required name=search_term_string"}],"inLanguage":"pt-BR"},{"@type":"Organization","@id":"https:\/\/marcozero.org\/faltaaguasobraveneno\/#organization","name":"Marco Zero Conte\u00fado","url":"https:\/\/marcozero.org\/faltaaguasobraveneno\/","logo":{"@type":"ImageObject","inLanguage":"pt-BR","@id":"https:\/\/marcozero.org\/faltaaguasobraveneno\/#\/schema\/logo\/image\/","url":"https:\/\/marcozero.org\/faltaaguasobraveneno\/wp-content\/uploads\/2023\/02\/chamada-redes.png","contentUrl":"https:\/\/marcozero.org\/faltaaguasobraveneno\/wp-content\/uploads\/2023\/02\/chamada-redes.png","width":2000,"height":1600,"caption":"Marco Zero Conte\u00fado"},"image":{"@id":"https:\/\/marcozero.org\/faltaaguasobraveneno\/#\/schema\/logo\/image\/"}}]}},"_links":{"self":[{"href":"https:\/\/marcozero.org\/faltaaguasobraveneno\/wp-json\/wp\/v2\/pages\/4","targetHints":{"allow":["GET"]}}],"collection":[{"href":"https:\/\/marcozero.org\/faltaaguasobraveneno\/wp-json\/wp\/v2\/pages"}],"about":[{"href":"https:\/\/marcozero.org\/faltaaguasobraveneno\/wp-json\/wp\/v2\/types\/page"}],"author":[{"embeddable":true,"href":"https:\/\/marcozero.org\/faltaaguasobraveneno\/wp-json\/wp\/v2\/users\/1"}],"replies":[{"embeddable":true,"href":"https:\/\/marcozero.org\/faltaaguasobraveneno\/wp-json\/wp\/v2\/comments?post=4"}],"version-history":[{"count":63,"href":"https:\/\/marcozero.org\/faltaaguasobraveneno\/wp-json\/wp\/v2\/pages\/4\/revisions"}],"predecessor-version":[{"id":331,"href":"https:\/\/marcozero.org\/faltaaguasobraveneno\/wp-json\/wp\/v2\/pages\/4\/revisions\/331"}],"wp:featuredmedia":[{"embeddable":true,"href":"https:\/\/marcozero.org\/faltaaguasobraveneno\/wp-json\/wp\/v2\/media\/289"}],"wp:attachment":[{"href":"https:\/\/marcozero.org\/faltaaguasobraveneno\/wp-json\/wp\/v2\/media?parent=4"}],"curies":[{"name":"wp","href":"https:\/\/api.w.org\/{rel}","templated":true}]}}